{"id":1200,"date":"2017-11-02T12:22:57","date_gmt":"2017-11-02T12:22:57","guid":{"rendered":"http:\/\/www.leceonline.org\/politica-de-privacidad\/"},"modified":"2024-06-29T09:44:11","modified_gmt":"2024-06-29T09:44:11","slug":"politica-de-privacitat","status":"publish","type":"page","link":"https:\/\/www.leceonline.org\/ca\/politica-de-privacitat\/","title":{"rendered":"Pol\u00edtica de privacitat"},"content":{"rendered":"<h2>Avis legal &#8211; LECE<\/h2>\n<p>Amb el present lloc web, el Comit\u00e8 Espanyol de la LECE pret\u00e9n fomentar l&#8217;acc\u00e9s del p\u00fablic a la informaci\u00f3 relativa a les seves iniciatives. El nostre objectiu consisteix a vetllar per l&#8217;actualitat i exactitud d&#8217;aquesta informaci\u00f3 i tractarem de corregir els errors que se&#8217;ns assenyalin. No obstant aix\u00f2, el Comit\u00e8 no assumeix cap responsabilitat en relaci\u00f3 amb la informaci\u00f3 inclosa en aquestes p\u00e0gines.<\/p>\n<p>Aquesta informaci\u00f3:<\/p>\n<ul>\n<li>\u00c9s de car\u00e0cter general i no ofereix necess\u00e0riament informaci\u00f3 exhaustiva, completa, exacta o actualitzada.<\/li>\n<li>T\u00e9 en algunes ocasions enlla\u00e7os amb p\u00e0gines externes sobre les quals no tenim control algun i respecte de les quals declinem tota responsabilitat.<\/li>\n<li>No ofereix assessorament professional o jur\u00eddic (si desitja efectuar una consulta d&#8217;aquest tipus, dirigeixi&#8217;s sempre a un professional degudament qualificat).<\/li>\n<\/ul>\n<p>Cal tenir en compte que no pot garantir-se que un document disponible en l\u00ednia reprodueixi exactament un text adoptat oficialment. Aix\u00ed doncs, \u00fanicament es consideren aut\u00e8ntics els textos legals de la Uni\u00f3 Europea publicats en les edicions impreses del Diari Oficial de la Uni\u00f3 Europea.<\/p>\n<p>Pretenem reduir al m\u00ednim els problemes ocasionats per errors de car\u00e0cter t\u00e8cnic. No obstant aix\u00f2, algunes dades o informacions continguts a les nostres p\u00e0gines poden haver estat creats o estructurats en arxius o formats no exempts d&#8217;errors, per la qual cosa no podem garantir que el nostre servei no quedi interromput o afectat de qualsevol altra forma per tals problemes. No assumim cap responsabilitat respecte a aquests problemes, que puguin resultar de la consulta de les presents p\u00e0gines, dels enlla\u00e7os facilitats en elles o d&#8217;aquelles altres externes objecte de reexpedici\u00f3.<\/p>\n<p>La present cl\u00e0usula d&#8217;exempci\u00f3 de responsabilitat no t\u00e9 per objecte limitar la nostra responsabilitat de forma contr\u00e0ria al que es disposa per les normatives aplicables, ni excloure-la en aquells casos en els quals, en virtut d&#8217;aquestes normatives, no pugui excloure&#8217;s.<\/p>\n<p>Aquest lloc web i tots els seus continguts, incloent textos, imatges, \u00e0udio i qualsevol altre material, s\u00f3n propietat del Comit\u00e8 Espa\u00f1ol de la LECE Tots els drets estan reservats. Nom\u00e9s est\u00e0 autoritzat el seu \u00fas personal i no comercial. No s&#8217;autoritza la c\u00f2pia, reproducci\u00f3, transmissi\u00f3, distribuci\u00f3 o modificaci\u00f3 del lloc o els seus continguts.<\/p>\n<p>Qualsevol dada que els visitants envi\u00efn a aquest lloc web mitjan\u00e7ant correu electr\u00f2nic, nom\u00e9s ser\u00e0 utilitzat pel Comit\u00e8 Espanyol de la LECE per respondre aquests correus quan sigui pertinent.<\/p>\n<p>Els visitants poden a qualsevol moment accedir a les seves dades, modificar-los o cancel\u00b7lar-los, enviant un correu electr\u00f2nic a <a href=\"mailto:info@leceonline.org\">info@leceonline.org<\/a> \u00a0o escrivint a la seg\u00fcent adre\u00e7a de correu postal:<\/p>\n<p>COMIT\u00c8 ESPANYOL DE LA LECE<br \/>\nC\/ Mallorca 211, Pral. 1a<br \/>\n08008 Barcelona<\/p>\n<h2>Pol\u00edtica de \u2018cookies\u2019<\/h2>\n<p>Pel bon funcionament del Web, el sistema de navegaci\u00f3 i la programaci\u00f3 utilitzada recullen algunes dades de navegaci\u00f3 (a partir d&#8217;ara anomenades \u2018cookies\u2019) que s\u00f3n necess\u00e0ries en l&#8217;\u00fas dels protocols de comunicaci\u00f3 d&#8217;internet. Les \u2018cookies\u2019 s\u00f3n petits arxius de text que el navegador emmagatzema quan es navega pels llocs web i aplicacions.<\/p>\n<p>Es pot escollir l&#8217;adre\u00e7a IP que usa l&#8217;ordinador per connectar-se al lloc web, l&#8217;adre\u00e7a URL de la p\u00e0gina web sol\u00b7licitada, l&#8217;hora de la connexi\u00f3 i altres par\u00e0metres relatius al sistema operatiu de l&#8217;entorn inform\u00e0tic de l&#8217;usuari. Aquesta informaci\u00f3 no s&#8217;associa a cap persona perqu\u00e8 no s&#8217;emmagatzemen dades personals identificatives, sin\u00f3 que es tracta d&#8217;una informaci\u00f3 que es recull per identificar la sessi\u00f3 amb l&#8217;objectiu de facilitar l&#8217;an\u00e0lisi del lloc web.<\/p>\n<p>Les &#8216;cookies&#8217; queden guardades en la mem\u00f2ria del navegador de l&#8217;usuari, encara que la informaci\u00f3 que contenen no s&#8217;utilitza. Per controlar l&#8217;\u00fas de les \u2018cookies\u2019 per part dels llocs web, l&#8217;usuari pot definir la configuraci\u00f3 de privadesa del seu navegador. Si es deshabiten completament les &#8216;cookies&#8217; \u00e9s possible que alguns serveis de la web no funcionin correctament.<\/p>\n<h2>Gesti\u00f3 de les \u2018cookies\u2019<\/h2>\n<p>Encara que Comit\u00e8 Espanyol de la LECE no utilitza \u2018cookies\u2019 per captar dades personals identificatives, informem de la manera de com l&#8217;usuari pot restringir o bloquejar les \u2018cookies\u2019 quan navega per la nostra web.<\/p>\n<p>Recomanem la web <a href=\"http:\/\/www.aboutcookies.org\">www.aboutcookies.org<\/a>\u00a0 als usuaris que vulguin m\u00e9s informaci\u00f3 i m\u00e9s detalls sobre la gesti\u00f3 de les \u2018cookies\u2019.<\/p>\n<p>En aquesta adre\u00e7a <a href=\"http:\/\/www.aboutcookies.org\/default.aspx?page=1\">http:\/\/www.aboutcookies.org\/default.aspx?page=1<\/a>\u00a0 es pot consultar com gestionar les \u2018cookies\u2019 segons el navegador.<\/p>\n<h2>\u2018Cookies\u2019 de Comit\u00e8 Espanyol de la LECE<\/h2>\n<p>\u2018Cookies\u2019 t\u00e8cniques \u2013 Les \u2018cookies\u2019 t\u00e8cniques s\u00f3n les estrictament necess\u00e0ries per a l&#8217;\u00fas d&#8217;aquest lloc web, permeten a l&#8217;usuari la navegaci\u00f3 a trav\u00e9s de la p\u00e0gina web o aplicaci\u00f3 i la utilitzaci\u00f3 de les diferents opcions o serveis que en ella existeixen.<\/p>\n<p>\u2018Cookies\u2019 de personalitzaci\u00f3 \u2013 S\u00f3n aquelles que permeten a l&#8217;usuari accedir al servei amb algunes caracter\u00edstiques de car\u00e0cter general predefinides en la seva terminal o que el propi usuari defineixi. Per exemple, l&#8217;idioma, el tipus de navegador a trav\u00e9s del com s&#8217;accedeix al servei.<\/p>\n<h2>\u2018Cookies\u2019 de tercers<\/h2>\n<p>El web de Comit\u00e8 Espanyol de la L.E.C.E. tamb\u00e9 utilitza \u2018cookies\u2019 i tecnologies d&#8217;altres empreses dedicades, sobretot, a l&#8217;estudi de l&#8217;\u00fas del web.<\/p>\n<p>Google Analytics. -Google Analytics \u00e9s una eina d&#8217;an\u00e0lisi web gratu\u00efta de Google, que ajuda principalment als propietaris del lloc web a entendre com interaccionen els visitants amb el seu lloc web, utilitza cookies amb nom com \u2018__utma\u2019 i \u2018__utmz\u2019 per recopilar informaci\u00f3 de manera an\u00f2nima i per elaborar informes de tend\u00e8ncia de llocs web sense identificar als seus usuaris individuals.<\/p>\n<p>Per a m\u00e9s informaci\u00f3 sobre la nostra pol\u00edtica de cookies contacti&#8217;ns a: <a href=\"mailto:info@leceonline.org\">info@leceonline.org<\/a><\/p>\n<h2>Cr\u00e8dits del website<\/h2>\n<p>Desenvolupament i manteniment d&#8217;aquesta p\u00e0gina web<br \/>\n100\u00d7100.net<br \/>\nRonda Sant Pere, 40<br \/>\n08010 Barcelona (Espanya)<br \/>\n<a href=\"http:\/\/www.100\u00d7100.net\" target=\"_blank\" rel=\"noopener\">www.100\u00d7100.net<\/a><\/p>\n","protected":false},"excerpt":{"rendered":"<p>Avis legal &#8211; LECE Amb el present lloc web, el Comit\u00e8 Espanyol de la LECE pret\u00e9n fomentar l&#8217;acc\u00e9s del p\u00fablic a la informaci\u00f3 relativa a les seves iniciatives. El nostre objectiu consisteix a vetllar per l&#8217;actualitat i exactitud d&#8217;aquesta informaci\u00f3 i tractarem de corregir els errors que se&#8217;ns assenyalin. No obstant aix\u00f2, el Comit\u00e8 no [&hellip;]<\/p>\n","protected":false},"author":1,"featured_media":1980,"parent":0,"menu_order":0,"comment_status":"closed","ping_status":"closed","template":"","meta":{"_acf_changed":false,"footnotes":""},"class_list":["post-1200","page","type-page","status-publish","has-post-thumbnail","hentry"],"acf":[],"yoast_head":"<!-- This site is optimized with the Yoast SEO plugin v25.9 - https:\/\/yoast.com\/wordpress\/plugins\/seo\/ -->\n<title>Pol\u00edtica de privacitat I Comit\u00e8 Espanyol de la LECE<\/title>\n<meta name=\"description\" content=\"Amb el present lloc web, el Comit\u00e8 Espanyol de la L.E.C.E pret\u00e9n fomentar l&#039;acc\u00e9s del p\u00fablic a la informaci\u00f3 relativa a les seves iniciatives.\" \/>\n<meta name=\"robots\" content=\"index, follow, max-snippet:-1, max-image-preview:large, max-video-preview:-1\" \/>\n<link rel=\"canonical\" href=\"https:\/\/www.leceonline.org\/ca\/politica-de-privacitat\/\" \/>\n<meta property=\"og:locale\" content=\"ca_ES\" \/>\n<meta property=\"og:type\" content=\"article\" \/>\n<meta property=\"og:title\" content=\"Pol\u00edtica de privacitat I Comit\u00e8 Espanyol de la LECE\" \/>\n<meta property=\"og:description\" content=\"Amb el present lloc web, el Comit\u00e8 Espanyol de la L.E.C.E pret\u00e9n fomentar l&#039;acc\u00e9s del p\u00fablic a la informaci\u00f3 relativa a les seves iniciatives.\" \/>\n<meta property=\"og:url\" content=\"https:\/\/www.leceonline.org\/ca\/politica-de-privacitat\/\" \/>\n<meta property=\"og:site_name\" content=\"Lece Online\" \/>\n<meta property=\"article:modified_time\" content=\"2024-06-29T09:44:11+00:00\" \/>\n<meta property=\"og:image\" content=\"http:\/\/www.leceonline.org\/custom\/uploads\/2017\/11\/security-protection-anti-virus-software-60504.jpg\" \/>\n\t<meta property=\"og:image:width\" content=\"1042\" \/>\n\t<meta property=\"og:image:height\" content=\"352\" \/>\n\t<meta property=\"og:image:type\" content=\"image\/jpeg\" \/>\n<meta name=\"twitter:card\" content=\"summary_large_image\" \/>\n<meta name=\"twitter:label1\" content=\"Temps estimat de lectura\" \/>\n\t<meta name=\"twitter:data1\" content=\"5 minuts\" \/>\n<script type=\"application\/ld+json\" class=\"yoast-schema-graph\">{\"@context\":\"https:\/\/schema.org\",\"@graph\":[{\"@type\":\"WebPage\",\"@id\":\"https:\/\/www.leceonline.org\/ca\/politica-de-privacitat\/\",\"url\":\"https:\/\/www.leceonline.org\/ca\/politica-de-privacitat\/\",\"name\":\"Pol\u00edtica de privacitat I Comit\u00e8 Espanyol de la LECE\",\"isPartOf\":{\"@id\":\"https:\/\/www.leceonline.org\/#website\"},\"primaryImageOfPage\":{\"@id\":\"https:\/\/www.leceonline.org\/ca\/politica-de-privacitat\/#primaryimage\"},\"image\":{\"@id\":\"https:\/\/www.leceonline.org\/ca\/politica-de-privacitat\/#primaryimage\"},\"thumbnailUrl\":\"https:\/\/www.leceonline.org\/custom\/uploads\/2017\/11\/security-protection-anti-virus-software-60504.jpg\",\"datePublished\":\"2017-11-02T12:22:57+00:00\",\"dateModified\":\"2024-06-29T09:44:11+00:00\",\"description\":\"Amb el present lloc web, el Comit\u00e8 Espanyol de la L.E.C.E pret\u00e9n fomentar l'acc\u00e9s del p\u00fablic a la informaci\u00f3 relativa a les seves iniciatives.\",\"breadcrumb\":{\"@id\":\"https:\/\/www.leceonline.org\/ca\/politica-de-privacitat\/#breadcrumb\"},\"inLanguage\":\"ca\",\"potentialAction\":[{\"@type\":\"ReadAction\",\"target\":[\"https:\/\/www.leceonline.org\/ca\/politica-de-privacitat\/\"]}]},{\"@type\":\"ImageObject\",\"inLanguage\":\"ca\",\"@id\":\"https:\/\/www.leceonline.org\/ca\/politica-de-privacitat\/#primaryimage\",\"url\":\"https:\/\/www.leceonline.org\/custom\/uploads\/2017\/11\/security-protection-anti-virus-software-60504.jpg\",\"contentUrl\":\"https:\/\/www.leceonline.org\/custom\/uploads\/2017\/11\/security-protection-anti-virus-software-60504.jpg\",\"width\":1042,\"height\":352},{\"@type\":\"BreadcrumbList\",\"@id\":\"https:\/\/www.leceonline.org\/ca\/politica-de-privacitat\/#breadcrumb\",\"itemListElement\":[{\"@type\":\"ListItem\",\"position\":1,\"name\":\"Portada\",\"item\":\"https:\/\/www.leceonline.org\/ca\/\"},{\"@type\":\"ListItem\",\"position\":2,\"name\":\"Pol\u00edtica de privacitat\"}]},{\"@type\":\"WebSite\",\"@id\":\"https:\/\/www.leceonline.org\/#website\",\"url\":\"https:\/\/www.leceonline.org\/\",\"name\":\"Lece Online\",\"description\":\"Comit\u00e9 Espa\u00f1ol de la Liga Europea de Cooperaci\u00f3n Econ\u00f3mica (LECE)\",\"potentialAction\":[{\"@type\":\"SearchAction\",\"target\":{\"@type\":\"EntryPoint\",\"urlTemplate\":\"https:\/\/www.leceonline.org\/?s={search_term_string}\"},\"query-input\":{\"@type\":\"PropertyValueSpecification\",\"valueRequired\":true,\"valueName\":\"search_term_string\"}}],\"inLanguage\":\"ca\"}]}<\/script>\n<!-- \/ Yoast SEO plugin. -->","yoast_head_json":{"title":"Pol\u00edtica de privacitat I Comit\u00e8 Espanyol de la LECE","description":"Amb el present lloc web, el Comit\u00e8 Espanyol de la L.E.C.E pret\u00e9n fomentar l'acc\u00e9s del p\u00fablic a la informaci\u00f3 relativa a les seves iniciatives.","robots":{"index":"index","follow":"follow","max-snippet":"max-snippet:-1","max-image-preview":"max-image-preview:large","max-video-preview":"max-video-preview:-1"},"canonical":"https:\/\/www.leceonline.org\/ca\/politica-de-privacitat\/","og_locale":"ca_ES","og_type":"article","og_title":"Pol\u00edtica de privacitat I Comit\u00e8 Espanyol de la LECE","og_description":"Amb el present lloc web, el Comit\u00e8 Espanyol de la L.E.C.E pret\u00e9n fomentar l'acc\u00e9s del p\u00fablic a la informaci\u00f3 relativa a les seves iniciatives.","og_url":"https:\/\/www.leceonline.org\/ca\/politica-de-privacitat\/","og_site_name":"Lece Online","article_modified_time":"2024-06-29T09:44:11+00:00","og_image":[{"width":1042,"height":352,"url":"http:\/\/www.leceonline.org\/custom\/uploads\/2017\/11\/security-protection-anti-virus-software-60504.jpg","type":"image\/jpeg"}],"twitter_card":"summary_large_image","twitter_misc":{"Temps estimat de lectura":"5 minuts"},"schema":{"@context":"https:\/\/schema.org","@graph":[{"@type":"WebPage","@id":"https:\/\/www.leceonline.org\/ca\/politica-de-privacitat\/","url":"https:\/\/www.leceonline.org\/ca\/politica-de-privacitat\/","name":"Pol\u00edtica de privacitat I Comit\u00e8 Espanyol de la LECE","isPartOf":{"@id":"https:\/\/www.leceonline.org\/#website"},"primaryImageOfPage":{"@id":"https:\/\/www.leceonline.org\/ca\/politica-de-privacitat\/#primaryimage"},"image":{"@id":"https:\/\/www.leceonline.org\/ca\/politica-de-privacitat\/#primaryimage"},"thumbnailUrl":"https:\/\/www.leceonline.org\/custom\/uploads\/2017\/11\/security-protection-anti-virus-software-60504.jpg","datePublished":"2017-11-02T12:22:57+00:00","dateModified":"2024-06-29T09:44:11+00:00","description":"Amb el present lloc web, el Comit\u00e8 Espanyol de la L.E.C.E pret\u00e9n fomentar l'acc\u00e9s del p\u00fablic a la informaci\u00f3 relativa a les seves iniciatives.","breadcrumb":{"@id":"https:\/\/www.leceonline.org\/ca\/politica-de-privacitat\/#breadcrumb"},"inLanguage":"ca","potentialAction":[{"@type":"ReadAction","target":["https:\/\/www.leceonline.org\/ca\/politica-de-privacitat\/"]}]},{"@type":"ImageObject","inLanguage":"ca","@id":"https:\/\/www.leceonline.org\/ca\/politica-de-privacitat\/#primaryimage","url":"https:\/\/www.leceonline.org\/custom\/uploads\/2017\/11\/security-protection-anti-virus-software-60504.jpg","contentUrl":"https:\/\/www.leceonline.org\/custom\/uploads\/2017\/11\/security-protection-anti-virus-software-60504.jpg","width":1042,"height":352},{"@type":"BreadcrumbList","@id":"https:\/\/www.leceonline.org\/ca\/politica-de-privacitat\/#breadcrumb","itemListElement":[{"@type":"ListItem","position":1,"name":"Portada","item":"https:\/\/www.leceonline.org\/ca\/"},{"@type":"ListItem","position":2,"name":"Pol\u00edtica de privacitat"}]},{"@type":"WebSite","@id":"https:\/\/www.leceonline.org\/#website","url":"https:\/\/www.leceonline.org\/","name":"Lece Online","description":"Comit\u00e9 Espa\u00f1ol de la Liga Europea de Cooperaci\u00f3n Econ\u00f3mica (LECE)","potentialAction":[{"@type":"SearchAction","target":{"@type":"EntryPoint","urlTemplate":"https:\/\/www.leceonline.org\/?s={search_term_string}"},"query-input":{"@type":"PropertyValueSpecification","valueRequired":true,"valueName":"search_term_string"}}],"inLanguage":"ca"}]}},"_links":{"self":[{"href":"https:\/\/www.leceonline.org\/ca\/wp-json\/wp\/v2\/pages\/1200","targetHints":{"allow":["GET"]}}],"collection":[{"href":"https:\/\/www.leceonline.org\/ca\/wp-json\/wp\/v2\/pages"}],"about":[{"href":"https:\/\/www.leceonline.org\/ca\/wp-json\/wp\/v2\/types\/page"}],"author":[{"embeddable":true,"href":"https:\/\/www.leceonline.org\/ca\/wp-json\/wp\/v2\/users\/1"}],"replies":[{"embeddable":true,"href":"https:\/\/www.leceonline.org\/ca\/wp-json\/wp\/v2\/comments?post=1200"}],"version-history":[{"count":0,"href":"https:\/\/www.leceonline.org\/ca\/wp-json\/wp\/v2\/pages\/1200\/revisions"}],"wp:featuredmedia":[{"embeddable":true,"href":"https:\/\/www.leceonline.org\/ca\/wp-json\/wp\/v2\/media\/1980"}],"wp:attachment":[{"href":"https:\/\/www.leceonline.org\/ca\/wp-json\/wp\/v2\/media?parent=1200"}],"curies":[{"name":"wp","href":"https:\/\/api.w.org\/{rel}","templated":true}]}}