{"id":26,"date":"2017-10-31T08:28:52","date_gmt":"2017-10-31T08:28:52","guid":{"rendered":"http:\/\/www.leceonline.org\/?page_id=26"},"modified":"2026-03-23T13:50:56","modified_gmt":"2026-03-23T13:50:56","slug":"inici","status":"publish","type":"page","link":"https:\/\/www.leceonline.org\/ca\/","title":{"rendered":"Inici"},"content":{"rendered":"","protected":false},"excerpt":{"rendered":"","protected":false},"author":1,"featured_media":5881,"parent":0,"menu_order":0,"comment_status":"closed","ping_status":"closed","template":"home.php","meta":{"_acf_changed":false,"footnotes":""},"class_list":["post-26","page","type-page","status-publish","has-post-thumbnail","hentry"],"acf":[],"yoast_head":"<!-- This site is optimized with the Yoast SEO plugin v25.9 - https:\/\/yoast.com\/wordpress\/plugins\/seo\/ -->\n<title>Comit\u00e8 Espanyol de la Lliga Europea de Cooperaci\u00f3 Econ\u00f2mica (LECE)<\/title>\n<meta name=\"description\" content=\"El Comit\u00e8 Espanyol de la LECE difon els valors europeus i el coneixement de l&#039;actualitat, situacions i reptes de la Uni\u00f3 Europea\" \/>\n<meta name=\"robots\" content=\"index, follow, max-snippet:-1, max-image-preview:large, max-video-preview:-1\" \/>\n<link rel=\"canonical\" href=\"https:\/\/www.leceonline.org\/ca\/\" \/>\n<meta property=\"og:locale\" content=\"ca_ES\" \/>\n<meta property=\"og:type\" content=\"article\" \/>\n<meta property=\"og:title\" content=\"Comit\u00e8 Espanyol de la Lliga Europea de Cooperaci\u00f3 Econ\u00f2mica (LECE)\" \/>\n<meta property=\"og:description\" content=\"El Comit\u00e8 Espanyol de la LECE difon els valors europeus i el coneixement de l&#039;actualitat, situacions i reptes de la Uni\u00f3 Europea\" \/>\n<meta property=\"og:url\" content=\"https:\/\/www.leceonline.org\/ca\/\" \/>\n<meta property=\"og:site_name\" content=\"Lece Online\" \/>\n<meta property=\"article:modified_time\" content=\"2026-03-23T13:50:56+00:00\" \/>\n<meta property=\"og:image\" content=\"http:\/\/www.leceonline.org\/custom\/uploads\/2017\/10\/1200x630.jpg\" \/>\n<meta name=\"twitter:card\" content=\"summary_large_image\" \/>\n<meta name=\"twitter:label1\" content=\"Temps estimat de lectura\" \/>\n\t<meta name=\"twitter:data1\" content=\"1 minut\" \/>\n<script type=\"application\/ld+json\" class=\"yoast-schema-graph\">{\"@context\":\"https:\/\/schema.org\",\"@graph\":[{\"@type\":\"WebPage\",\"@id\":\"https:\/\/www.leceonline.org\/ca\/\",\"url\":\"https:\/\/www.leceonline.org\/ca\/\",\"name\":\"Comit\u00e8 Espanyol de la Lliga Europea de Cooperaci\u00f3 Econ\u00f2mica (LECE)\",\"isPartOf\":{\"@id\":\"https:\/\/www.leceonline.org\/#website\"},\"primaryImageOfPage\":{\"@id\":\"https:\/\/www.leceonline.org\/ca\/#primaryimage\"},\"image\":{\"@id\":\"https:\/\/www.leceonline.org\/ca\/#primaryimage\"},\"thumbnailUrl\":\"https:\/\/www.leceonline.org\/custom\/uploads\/2025\/03\/DALL\u00b7E-2025-03-12-09.07.00-A-refined-and-minimalist-representation-of-the-European-Union-and-opportunity.-The-image-features-the-EU-flag-subtly-incorporated-in-the-background-wi.webp\",\"datePublished\":\"2017-10-31T08:28:52+00:00\",\"dateModified\":\"2026-03-23T13:50:56+00:00\",\"description\":\"El Comit\u00e8 Espanyol de la LECE difon els valors europeus i el coneixement de l'actualitat, situacions i reptes de la Uni\u00f3 Europea\",\"breadcrumb\":{\"@id\":\"https:\/\/www.leceonline.org\/ca\/#breadcrumb\"},\"inLanguage\":\"ca\",\"potentialAction\":[{\"@type\":\"ReadAction\",\"target\":[\"https:\/\/www.leceonline.org\/ca\/\"]}]},{\"@type\":\"ImageObject\",\"inLanguage\":\"ca\",\"@id\":\"https:\/\/www.leceonline.org\/ca\/#primaryimage\",\"url\":\"https:\/\/www.leceonline.org\/custom\/uploads\/2025\/03\/DALL\u00b7E-2025-03-12-09.07.00-A-refined-and-minimalist-representation-of-the-European-Union-and-opportunity.-The-image-features-the-EU-flag-subtly-incorporated-in-the-background-wi.webp\",\"contentUrl\":\"https:\/\/www.leceonline.org\/custom\/uploads\/2025\/03\/DALL\u00b7E-2025-03-12-09.07.00-A-refined-and-minimalist-representation-of-the-European-Union-and-opportunity.-The-image-features-the-EU-flag-subtly-incorporated-in-the-background-wi.webp\",\"width\":1024,\"height\":1024},{\"@type\":\"BreadcrumbList\",\"@id\":\"https:\/\/www.leceonline.org\/ca\/#breadcrumb\",\"itemListElement\":[{\"@type\":\"ListItem\",\"position\":1,\"name\":\"Portada\",\"item\":\"https:\/\/www.leceonline.org\/ca\/\"},{\"@type\":\"ListItem\",\"position\":2,\"name\":\"Inici\"}]},{\"@type\":\"WebSite\",\"@id\":\"https:\/\/www.leceonline.org\/#website\",\"url\":\"https:\/\/www.leceonline.org\/\",\"name\":\"Lece Online\",\"description\":\"Comit\u00e9 Espa\u00f1ol de la Liga Europea de Cooperaci\u00f3n Econ\u00f3mica (LECE)\",\"potentialAction\":[{\"@type\":\"SearchAction\",\"target\":{\"@type\":\"EntryPoint\",\"urlTemplate\":\"https:\/\/www.leceonline.org\/?s={search_term_string}\"},\"query-input\":{\"@type\":\"PropertyValueSpecification\",\"valueRequired\":true,\"valueName\":\"search_term_string\"}}],\"inLanguage\":\"ca\"}]}<\/script>\n<!-- \/ Yoast SEO plugin. -->","yoast_head_json":{"title":"Comit\u00e8 Espanyol de la Lliga Europea de Cooperaci\u00f3 Econ\u00f2mica (LECE)","description":"El Comit\u00e8 Espanyol de la LECE difon els valors europeus i el coneixement de l'actualitat, situacions i reptes de la Uni\u00f3 Europea","robots":{"index":"index","follow":"follow","max-snippet":"max-snippet:-1","max-image-preview":"max-image-preview:large","max-video-preview":"max-video-preview:-1"},"canonical":"https:\/\/www.leceonline.org\/ca\/","og_locale":"ca_ES","og_type":"article","og_title":"Comit\u00e8 Espanyol de la Lliga Europea de Cooperaci\u00f3 Econ\u00f2mica (LECE)","og_description":"El Comit\u00e8 Espanyol de la LECE difon els valors europeus i el coneixement de l'actualitat, situacions i reptes de la Uni\u00f3 Europea","og_url":"https:\/\/www.leceonline.org\/ca\/","og_site_name":"Lece Online","article_modified_time":"2026-03-23T13:50:56+00:00","og_image":[{"url":"http:\/\/www.leceonline.org\/custom\/uploads\/2017\/10\/1200x630.jpg","type":"","width":"","height":""}],"twitter_card":"summary_large_image","twitter_misc":{"Temps estimat de lectura":"1 minut"},"schema":{"@context":"https:\/\/schema.org","@graph":[{"@type":"WebPage","@id":"https:\/\/www.leceonline.org\/ca\/","url":"https:\/\/www.leceonline.org\/ca\/","name":"Comit\u00e8 Espanyol de la Lliga Europea de Cooperaci\u00f3 Econ\u00f2mica (LECE)","isPartOf":{"@id":"https:\/\/www.leceonline.org\/#website"},"primaryImageOfPage":{"@id":"https:\/\/www.leceonline.org\/ca\/#primaryimage"},"image":{"@id":"https:\/\/www.leceonline.org\/ca\/#primaryimage"},"thumbnailUrl":"https:\/\/www.leceonline.org\/custom\/uploads\/2025\/03\/DALL\u00b7E-2025-03-12-09.07.00-A-refined-and-minimalist-representation-of-the-European-Union-and-opportunity.-The-image-features-the-EU-flag-subtly-incorporated-in-the-background-wi.webp","datePublished":"2017-10-31T08:28:52+00:00","dateModified":"2026-03-23T13:50:56+00:00","description":"El Comit\u00e8 Espanyol de la LECE difon els valors europeus i el coneixement de l'actualitat, situacions i reptes de la Uni\u00f3 Europea","breadcrumb":{"@id":"https:\/\/www.leceonline.org\/ca\/#breadcrumb"},"inLanguage":"ca","potentialAction":[{"@type":"ReadAction","target":["https:\/\/www.leceonline.org\/ca\/"]}]},{"@type":"ImageObject","inLanguage":"ca","@id":"https:\/\/www.leceonline.org\/ca\/#primaryimage","url":"https:\/\/www.leceonline.org\/custom\/uploads\/2025\/03\/DALL\u00b7E-2025-03-12-09.07.00-A-refined-and-minimalist-representation-of-the-European-Union-and-opportunity.-The-image-features-the-EU-flag-subtly-incorporated-in-the-background-wi.webp","contentUrl":"https:\/\/www.leceonline.org\/custom\/uploads\/2025\/03\/DALL\u00b7E-2025-03-12-09.07.00-A-refined-and-minimalist-representation-of-the-European-Union-and-opportunity.-The-image-features-the-EU-flag-subtly-incorporated-in-the-background-wi.webp","width":1024,"height":1024},{"@type":"BreadcrumbList","@id":"https:\/\/www.leceonline.org\/ca\/#breadcrumb","itemListElement":[{"@type":"ListItem","position":1,"name":"Portada","item":"https:\/\/www.leceonline.org\/ca\/"},{"@type":"ListItem","position":2,"name":"Inici"}]},{"@type":"WebSite","@id":"https:\/\/www.leceonline.org\/#website","url":"https:\/\/www.leceonline.org\/","name":"Lece Online","description":"Comit\u00e9 Espa\u00f1ol de la Liga Europea de Cooperaci\u00f3n Econ\u00f3mica (LECE)","potentialAction":[{"@type":"SearchAction","target":{"@type":"EntryPoint","urlTemplate":"https:\/\/www.leceonline.org\/?s={search_term_string}"},"query-input":{"@type":"PropertyValueSpecification","valueRequired":true,"valueName":"search_term_string"}}],"inLanguage":"ca"}]}},"_links":{"self":[{"href":"https:\/\/www.leceonline.org\/ca\/wp-json\/wp\/v2\/pages\/26","targetHints":{"allow":["GET"]}}],"collection":[{"href":"https:\/\/www.leceonline.org\/ca\/wp-json\/wp\/v2\/pages"}],"about":[{"href":"https:\/\/www.leceonline.org\/ca\/wp-json\/wp\/v2\/types\/page"}],"author":[{"embeddable":true,"href":"https:\/\/www.leceonline.org\/ca\/wp-json\/wp\/v2\/users\/1"}],"replies":[{"embeddable":true,"href":"https:\/\/www.leceonline.org\/ca\/wp-json\/wp\/v2\/comments?post=26"}],"version-history":[{"count":0,"href":"https:\/\/www.leceonline.org\/ca\/wp-json\/wp\/v2\/pages\/26\/revisions"}],"wp:featuredmedia":[{"embeddable":true,"href":"https:\/\/www.leceonline.org\/ca\/wp-json\/wp\/v2\/media\/5881"}],"wp:attachment":[{"href":"https:\/\/www.leceonline.org\/ca\/wp-json\/wp\/v2\/media?parent=26"}],"curies":[{"name":"wp","href":"https:\/\/api.w.org\/{rel}","templated":true}]}}