{"id":1114,"date":"2017-10-31T08:25:14","date_gmt":"2017-10-31T08:25:14","guid":{"rendered":"http:\/\/www.leceonline.org\/hacerse-socio\/"},"modified":"2023-05-15T08:48:27","modified_gmt":"2023-05-15T08:48:27","slug":"become-a-member","status":"publish","type":"page","link":"https:\/\/www.leceonline.org\/en\/become-a-member\/","title":{"rendered":"Become a member"},"content":{"rendered":"","protected":false},"excerpt":{"rendered":"","protected":false},"author":1,"featured_media":196,"parent":0,"menu_order":0,"comment_status":"closed","ping_status":"closed","template":"tmpl-haztesocio.php","meta":{"_acf_changed":false,"footnotes":""},"class_list":["post-1114","page","type-page","status-publish","has-post-thumbnail","hentry"],"acf":[],"yoast_head":"<!-- This site is optimized with the Yoast SEO plugin v25.9 - https:\/\/yoast.com\/wordpress\/plugins\/seo\/ -->\n<title>Become a member - Spanish Committee of the LECE<\/title>\n<meta name=\"description\" content=\"Becoming a member allows you to participate in all the activities organized by the Spanish Committee of the LECE: colloquium, meetings and conferences.\" \/>\n<meta name=\"robots\" content=\"index, follow, max-snippet:-1, max-image-preview:large, max-video-preview:-1\" \/>\n<link rel=\"canonical\" href=\"https:\/\/www.leceonline.org\/en\/become-a-member\/\" \/>\n<meta property=\"og:locale\" content=\"en_US\" \/>\n<meta property=\"og:type\" content=\"article\" \/>\n<meta property=\"og:title\" content=\"Become a member - Spanish Committee of the LECE\" \/>\n<meta property=\"og:description\" content=\"Becoming a member allows you to participate in all the activities organized by the Spanish Committee of the LECE: colloquium, meetings and conferences.\" \/>\n<meta property=\"og:url\" content=\"https:\/\/www.leceonline.org\/en\/become-a-member\/\" \/>\n<meta property=\"og:site_name\" content=\"Lece Online\" \/>\n<meta property=\"article:modified_time\" content=\"2023-05-15T08:48:27+00:00\" \/>\n<meta property=\"og:image\" content=\"http:\/\/www.leceonline.org\/custom\/uploads\/2017\/10\/cab_socio.jpg\" \/>\n\t<meta property=\"og:image:width\" content=\"2084\" \/>\n\t<meta property=\"og:image:height\" content=\"704\" \/>\n\t<meta property=\"og:image:type\" content=\"image\/jpeg\" \/>\n<meta name=\"twitter:card\" content=\"summary_large_image\" \/>\n<script type=\"application\/ld+json\" class=\"yoast-schema-graph\">{\"@context\":\"https:\/\/schema.org\",\"@graph\":[{\"@type\":\"WebPage\",\"@id\":\"https:\/\/www.leceonline.org\/en\/become-a-member\/\",\"url\":\"https:\/\/www.leceonline.org\/en\/become-a-member\/\",\"name\":\"Become a member - Spanish Committee of the LECE\",\"isPartOf\":{\"@id\":\"https:\/\/www.leceonline.org\/#website\"},\"primaryImageOfPage\":{\"@id\":\"https:\/\/www.leceonline.org\/en\/become-a-member\/#primaryimage\"},\"image\":{\"@id\":\"https:\/\/www.leceonline.org\/en\/become-a-member\/#primaryimage\"},\"thumbnailUrl\":\"https:\/\/www.leceonline.org\/custom\/uploads\/2017\/10\/cab_socio.jpg\",\"datePublished\":\"2017-10-31T08:25:14+00:00\",\"dateModified\":\"2023-05-15T08:48:27+00:00\",\"description\":\"Becoming a member allows you to participate in all the activities organized by the Spanish Committee of the LECE: colloquium, meetings and conferences.\",\"breadcrumb\":{\"@id\":\"https:\/\/www.leceonline.org\/en\/become-a-member\/#breadcrumb\"},\"inLanguage\":\"en-US\",\"potentialAction\":[{\"@type\":\"ReadAction\",\"target\":[\"https:\/\/www.leceonline.org\/en\/become-a-member\/\"]}]},{\"@type\":\"ImageObject\",\"inLanguage\":\"en-US\",\"@id\":\"https:\/\/www.leceonline.org\/en\/become-a-member\/#primaryimage\",\"url\":\"https:\/\/www.leceonline.org\/custom\/uploads\/2017\/10\/cab_socio.jpg\",\"contentUrl\":\"https:\/\/www.leceonline.org\/custom\/uploads\/2017\/10\/cab_socio.jpg\",\"width\":2084,\"height\":704},{\"@type\":\"BreadcrumbList\",\"@id\":\"https:\/\/www.leceonline.org\/en\/become-a-member\/#breadcrumb\",\"itemListElement\":[{\"@type\":\"ListItem\",\"position\":1,\"name\":\"Portada\",\"item\":\"https:\/\/www.leceonline.org\/en\/\"},{\"@type\":\"ListItem\",\"position\":2,\"name\":\"Become a member\"}]},{\"@type\":\"WebSite\",\"@id\":\"https:\/\/www.leceonline.org\/#website\",\"url\":\"https:\/\/www.leceonline.org\/\",\"name\":\"Lece Online\",\"description\":\"Comit\u00e9 Espa\u00f1ol de la Liga Europea de Cooperaci\u00f3n Econ\u00f3mica (LECE)\",\"potentialAction\":[{\"@type\":\"SearchAction\",\"target\":{\"@type\":\"EntryPoint\",\"urlTemplate\":\"https:\/\/www.leceonline.org\/?s={search_term_string}\"},\"query-input\":{\"@type\":\"PropertyValueSpecification\",\"valueRequired\":true,\"valueName\":\"search_term_string\"}}],\"inLanguage\":\"en-US\"}]}<\/script>\n<!-- \/ Yoast SEO plugin. -->","yoast_head_json":{"title":"Become a member - Spanish Committee of the LECE","description":"Becoming a member allows you to participate in all the activities organized by the Spanish Committee of the LECE: colloquium, meetings and conferences.","robots":{"index":"index","follow":"follow","max-snippet":"max-snippet:-1","max-image-preview":"max-image-preview:large","max-video-preview":"max-video-preview:-1"},"canonical":"https:\/\/www.leceonline.org\/en\/become-a-member\/","og_locale":"en_US","og_type":"article","og_title":"Become a member - Spanish Committee of the LECE","og_description":"Becoming a member allows you to participate in all the activities organized by the Spanish Committee of the LECE: colloquium, meetings and conferences.","og_url":"https:\/\/www.leceonline.org\/en\/become-a-member\/","og_site_name":"Lece Online","article_modified_time":"2023-05-15T08:48:27+00:00","og_image":[{"width":2084,"height":704,"url":"http:\/\/www.leceonline.org\/custom\/uploads\/2017\/10\/cab_socio.jpg","type":"image\/jpeg"}],"twitter_card":"summary_large_image","schema":{"@context":"https:\/\/schema.org","@graph":[{"@type":"WebPage","@id":"https:\/\/www.leceonline.org\/en\/become-a-member\/","url":"https:\/\/www.leceonline.org\/en\/become-a-member\/","name":"Become a member - Spanish Committee of the LECE","isPartOf":{"@id":"https:\/\/www.leceonline.org\/#website"},"primaryImageOfPage":{"@id":"https:\/\/www.leceonline.org\/en\/become-a-member\/#primaryimage"},"image":{"@id":"https:\/\/www.leceonline.org\/en\/become-a-member\/#primaryimage"},"thumbnailUrl":"https:\/\/www.leceonline.org\/custom\/uploads\/2017\/10\/cab_socio.jpg","datePublished":"2017-10-31T08:25:14+00:00","dateModified":"2023-05-15T08:48:27+00:00","description":"Becoming a member allows you to participate in all the activities organized by the Spanish Committee of the LECE: colloquium, meetings and conferences.","breadcrumb":{"@id":"https:\/\/www.leceonline.org\/en\/become-a-member\/#breadcrumb"},"inLanguage":"en-US","potentialAction":[{"@type":"ReadAction","target":["https:\/\/www.leceonline.org\/en\/become-a-member\/"]}]},{"@type":"ImageObject","inLanguage":"en-US","@id":"https:\/\/www.leceonline.org\/en\/become-a-member\/#primaryimage","url":"https:\/\/www.leceonline.org\/custom\/uploads\/2017\/10\/cab_socio.jpg","contentUrl":"https:\/\/www.leceonline.org\/custom\/uploads\/2017\/10\/cab_socio.jpg","width":2084,"height":704},{"@type":"BreadcrumbList","@id":"https:\/\/www.leceonline.org\/en\/become-a-member\/#breadcrumb","itemListElement":[{"@type":"ListItem","position":1,"name":"Portada","item":"https:\/\/www.leceonline.org\/en\/"},{"@type":"ListItem","position":2,"name":"Become a member"}]},{"@type":"WebSite","@id":"https:\/\/www.leceonline.org\/#website","url":"https:\/\/www.leceonline.org\/","name":"Lece Online","description":"Comit\u00e9 Espa\u00f1ol de la Liga Europea de Cooperaci\u00f3n Econ\u00f3mica (LECE)","potentialAction":[{"@type":"SearchAction","target":{"@type":"EntryPoint","urlTemplate":"https:\/\/www.leceonline.org\/?s={search_term_string}"},"query-input":{"@type":"PropertyValueSpecification","valueRequired":true,"valueName":"search_term_string"}}],"inLanguage":"en-US"}]}},"_links":{"self":[{"href":"https:\/\/www.leceonline.org\/en\/wp-json\/wp\/v2\/pages\/1114","targetHints":{"allow":["GET"]}}],"collection":[{"href":"https:\/\/www.leceonline.org\/en\/wp-json\/wp\/v2\/pages"}],"about":[{"href":"https:\/\/www.leceonline.org\/en\/wp-json\/wp\/v2\/types\/page"}],"author":[{"embeddable":true,"href":"https:\/\/www.leceonline.org\/en\/wp-json\/wp\/v2\/users\/1"}],"replies":[{"embeddable":true,"href":"https:\/\/www.leceonline.org\/en\/wp-json\/wp\/v2\/comments?post=1114"}],"version-history":[{"count":0,"href":"https:\/\/www.leceonline.org\/en\/wp-json\/wp\/v2\/pages\/1114\/revisions"}],"wp:featuredmedia":[{"embeddable":true,"href":"https:\/\/www.leceonline.org\/en\/wp-json\/wp\/v2\/media\/196"}],"wp:attachment":[{"href":"https:\/\/www.leceonline.org\/en\/wp-json\/wp\/v2\/media?parent=1114"}],"curies":[{"name":"wp","href":"https:\/\/api.w.org\/{rel}","templated":true}]}}