{"id":1149,"date":"2017-10-31T08:25:01","date_gmt":"2017-10-31T08:25:01","guid":{"rendered":"http:\/\/www.leceonline.org\/actividades\/"},"modified":"2017-11-29T16:21:30","modified_gmt":"2017-11-29T16:21:30","slug":"activities","status":"publish","type":"page","link":"https:\/\/www.leceonline.org\/en\/activities\/","title":{"rendered":"Activities"},"content":{"rendered":"","protected":false},"excerpt":{"rendered":"","protected":false},"author":1,"featured_media":190,"parent":0,"menu_order":0,"comment_status":"closed","ping_status":"closed","template":"tmpl-actividades.php","meta":{"_acf_changed":false,"footnotes":""},"class_list":["post-1149","page","type-page","status-publish","has-post-thumbnail","hentry"],"acf":[],"yoast_head":"<!-- This site is optimized with the Yoast SEO plugin v25.9 - https:\/\/yoast.com\/wordpress\/plugins\/seo\/ -->\n<title>Activities: What we do? I Spanish Committee of the LECE<\/title>\n<meta name=\"description\" content=\"The Spanish Committee of the LECE organizes activities in different formats: colloquium-luncheons, meetings, seminars, conferences and institutional events\" \/>\n<meta name=\"robots\" content=\"index, follow, max-snippet:-1, max-image-preview:large, max-video-preview:-1\" \/>\n<link rel=\"canonical\" href=\"https:\/\/www.leceonline.org\/en\/activities\/\" \/>\n<meta property=\"og:locale\" content=\"en_US\" \/>\n<meta property=\"og:type\" content=\"article\" \/>\n<meta property=\"og:title\" content=\"Activities: What we do? I Spanish Committee of the LECE\" \/>\n<meta property=\"og:description\" content=\"The Spanish Committee of the LECE organizes activities in different formats: colloquium-luncheons, meetings, seminars, conferences and institutional events\" \/>\n<meta property=\"og:url\" content=\"https:\/\/www.leceonline.org\/en\/activities\/\" \/>\n<meta property=\"og:site_name\" content=\"Lece Online\" \/>\n<meta property=\"article:modified_time\" content=\"2017-11-29T16:21:30+00:00\" \/>\n<meta property=\"og:image\" content=\"http:\/\/www.leceonline.org\/custom\/uploads\/2017\/10\/actividades-fb.jpg\" \/>\n<meta name=\"twitter:card\" content=\"summary_large_image\" \/>\n<script type=\"application\/ld+json\" class=\"yoast-schema-graph\">{\"@context\":\"https:\/\/schema.org\",\"@graph\":[{\"@type\":\"WebPage\",\"@id\":\"https:\/\/www.leceonline.org\/en\/activities\/\",\"url\":\"https:\/\/www.leceonline.org\/en\/activities\/\",\"name\":\"Activities: What we do? I Spanish Committee of the LECE\",\"isPartOf\":{\"@id\":\"https:\/\/www.leceonline.org\/#website\"},\"primaryImageOfPage\":{\"@id\":\"https:\/\/www.leceonline.org\/en\/activities\/#primaryimage\"},\"image\":{\"@id\":\"https:\/\/www.leceonline.org\/en\/activities\/#primaryimage\"},\"thumbnailUrl\":\"https:\/\/www.leceonline.org\/custom\/uploads\/2017\/10\/cab-actividades.jpg\",\"datePublished\":\"2017-10-31T08:25:01+00:00\",\"dateModified\":\"2017-11-29T16:21:30+00:00\",\"description\":\"The Spanish Committee of the LECE organizes activities in different formats: colloquium-luncheons, meetings, seminars, conferences and institutional events\",\"breadcrumb\":{\"@id\":\"https:\/\/www.leceonline.org\/en\/activities\/#breadcrumb\"},\"inLanguage\":\"en-US\",\"potentialAction\":[{\"@type\":\"ReadAction\",\"target\":[\"https:\/\/www.leceonline.org\/en\/activities\/\"]}]},{\"@type\":\"ImageObject\",\"inLanguage\":\"en-US\",\"@id\":\"https:\/\/www.leceonline.org\/en\/activities\/#primaryimage\",\"url\":\"https:\/\/www.leceonline.org\/custom\/uploads\/2017\/10\/cab-actividades.jpg\",\"contentUrl\":\"https:\/\/www.leceonline.org\/custom\/uploads\/2017\/10\/cab-actividades.jpg\",\"width\":2082,\"height\":700},{\"@type\":\"BreadcrumbList\",\"@id\":\"https:\/\/www.leceonline.org\/en\/activities\/#breadcrumb\",\"itemListElement\":[{\"@type\":\"ListItem\",\"position\":1,\"name\":\"Portada\",\"item\":\"https:\/\/www.leceonline.org\/en\/\"},{\"@type\":\"ListItem\",\"position\":2,\"name\":\"Activities\"}]},{\"@type\":\"WebSite\",\"@id\":\"https:\/\/www.leceonline.org\/#website\",\"url\":\"https:\/\/www.leceonline.org\/\",\"name\":\"Lece Online\",\"description\":\"Comit\u00e9 Espa\u00f1ol de la Liga Europea de Cooperaci\u00f3n Econ\u00f3mica (LECE)\",\"potentialAction\":[{\"@type\":\"SearchAction\",\"target\":{\"@type\":\"EntryPoint\",\"urlTemplate\":\"https:\/\/www.leceonline.org\/?s={search_term_string}\"},\"query-input\":{\"@type\":\"PropertyValueSpecification\",\"valueRequired\":true,\"valueName\":\"search_term_string\"}}],\"inLanguage\":\"en-US\"}]}<\/script>\n<!-- \/ Yoast SEO plugin. -->","yoast_head_json":{"title":"Activities: What we do? I Spanish Committee of the LECE","description":"The Spanish Committee of the LECE organizes activities in different formats: colloquium-luncheons, meetings, seminars, conferences and institutional events","robots":{"index":"index","follow":"follow","max-snippet":"max-snippet:-1","max-image-preview":"max-image-preview:large","max-video-preview":"max-video-preview:-1"},"canonical":"https:\/\/www.leceonline.org\/en\/activities\/","og_locale":"en_US","og_type":"article","og_title":"Activities: What we do? I Spanish Committee of the LECE","og_description":"The Spanish Committee of the LECE organizes activities in different formats: colloquium-luncheons, meetings, seminars, conferences and institutional events","og_url":"https:\/\/www.leceonline.org\/en\/activities\/","og_site_name":"Lece Online","article_modified_time":"2017-11-29T16:21:30+00:00","og_image":[{"url":"http:\/\/www.leceonline.org\/custom\/uploads\/2017\/10\/actividades-fb.jpg","type":"","width":"","height":""}],"twitter_card":"summary_large_image","schema":{"@context":"https:\/\/schema.org","@graph":[{"@type":"WebPage","@id":"https:\/\/www.leceonline.org\/en\/activities\/","url":"https:\/\/www.leceonline.org\/en\/activities\/","name":"Activities: What we do? I Spanish Committee of the LECE","isPartOf":{"@id":"https:\/\/www.leceonline.org\/#website"},"primaryImageOfPage":{"@id":"https:\/\/www.leceonline.org\/en\/activities\/#primaryimage"},"image":{"@id":"https:\/\/www.leceonline.org\/en\/activities\/#primaryimage"},"thumbnailUrl":"https:\/\/www.leceonline.org\/custom\/uploads\/2017\/10\/cab-actividades.jpg","datePublished":"2017-10-31T08:25:01+00:00","dateModified":"2017-11-29T16:21:30+00:00","description":"The Spanish Committee of the LECE organizes activities in different formats: colloquium-luncheons, meetings, seminars, conferences and institutional events","breadcrumb":{"@id":"https:\/\/www.leceonline.org\/en\/activities\/#breadcrumb"},"inLanguage":"en-US","potentialAction":[{"@type":"ReadAction","target":["https:\/\/www.leceonline.org\/en\/activities\/"]}]},{"@type":"ImageObject","inLanguage":"en-US","@id":"https:\/\/www.leceonline.org\/en\/activities\/#primaryimage","url":"https:\/\/www.leceonline.org\/custom\/uploads\/2017\/10\/cab-actividades.jpg","contentUrl":"https:\/\/www.leceonline.org\/custom\/uploads\/2017\/10\/cab-actividades.jpg","width":2082,"height":700},{"@type":"BreadcrumbList","@id":"https:\/\/www.leceonline.org\/en\/activities\/#breadcrumb","itemListElement":[{"@type":"ListItem","position":1,"name":"Portada","item":"https:\/\/www.leceonline.org\/en\/"},{"@type":"ListItem","position":2,"name":"Activities"}]},{"@type":"WebSite","@id":"https:\/\/www.leceonline.org\/#website","url":"https:\/\/www.leceonline.org\/","name":"Lece Online","description":"Comit\u00e9 Espa\u00f1ol de la Liga Europea de Cooperaci\u00f3n Econ\u00f3mica (LECE)","potentialAction":[{"@type":"SearchAction","target":{"@type":"EntryPoint","urlTemplate":"https:\/\/www.leceonline.org\/?s={search_term_string}"},"query-input":{"@type":"PropertyValueSpecification","valueRequired":true,"valueName":"search_term_string"}}],"inLanguage":"en-US"}]}},"_links":{"self":[{"href":"https:\/\/www.leceonline.org\/en\/wp-json\/wp\/v2\/pages\/1149","targetHints":{"allow":["GET"]}}],"collection":[{"href":"https:\/\/www.leceonline.org\/en\/wp-json\/wp\/v2\/pages"}],"about":[{"href":"https:\/\/www.leceonline.org\/en\/wp-json\/wp\/v2\/types\/page"}],"author":[{"embeddable":true,"href":"https:\/\/www.leceonline.org\/en\/wp-json\/wp\/v2\/users\/1"}],"replies":[{"embeddable":true,"href":"https:\/\/www.leceonline.org\/en\/wp-json\/wp\/v2\/comments?post=1149"}],"version-history":[{"count":0,"href":"https:\/\/www.leceonline.org\/en\/wp-json\/wp\/v2\/pages\/1149\/revisions"}],"wp:featuredmedia":[{"embeddable":true,"href":"https:\/\/www.leceonline.org\/en\/wp-json\/wp\/v2\/media\/190"}],"wp:attachment":[{"href":"https:\/\/www.leceonline.org\/en\/wp-json\/wp\/v2\/media?parent=1149"}],"curies":[{"name":"wp","href":"https:\/\/api.w.org\/{rel}","templated":true}]}}