{"id":1195,"date":"2017-10-31T08:25:37","date_gmt":"2017-10-31T08:25:37","guid":{"rendered":"http:\/\/www.leceonline.org\/contacto\/"},"modified":"2017-11-07T10:11:42","modified_gmt":"2017-11-07T10:11:42","slug":"contact","status":"publish","type":"page","link":"https:\/\/www.leceonline.org\/en\/contact\/","title":{"rendered":"Contact"},"content":{"rendered":"","protected":false},"excerpt":{"rendered":"","protected":false},"author":1,"featured_media":213,"parent":0,"menu_order":0,"comment_status":"closed","ping_status":"closed","template":"tmpl-contacto.php","meta":{"_acf_changed":false,"footnotes":""},"class_list":["post-1195","page","type-page","status-publish","has-post-thumbnail","hentry"],"acf":[],"yoast_head":"<!-- This site is optimized with the Yoast SEO plugin v25.9 - https:\/\/yoast.com\/wordpress\/plugins\/seo\/ -->\n<title>Contact I Spanish Committee of the LECE<\/title>\n<meta name=\"description\" content=\"There are two ways to get in touch with the Spanish Committee of the LECE easily, by using the form presented below, or call at 93 215 67 84.\" \/>\n<meta name=\"robots\" content=\"index, follow, max-snippet:-1, max-image-preview:large, max-video-preview:-1\" \/>\n<link rel=\"canonical\" href=\"https:\/\/www.leceonline.org\/en\/contact\/\" \/>\n<meta property=\"og:locale\" content=\"en_US\" \/>\n<meta property=\"og:type\" content=\"article\" \/>\n<meta property=\"og:title\" content=\"Contact I Spanish Committee of the LECE\" \/>\n<meta property=\"og:description\" content=\"There are two ways to get in touch with the Spanish Committee of the LECE easily, by using the form presented below, or call at 93 215 67 84.\" \/>\n<meta property=\"og:url\" content=\"https:\/\/www.leceonline.org\/en\/contact\/\" \/>\n<meta property=\"og:site_name\" content=\"Lece Online\" \/>\n<meta property=\"article:modified_time\" content=\"2017-11-07T10:11:42+00:00\" \/>\n<meta property=\"og:image\" content=\"http:\/\/www.leceonline.org\/custom\/uploads\/2017\/10\/i-stock-157619227@2x-min.jpg\" \/>\n\t<meta property=\"og:image:width\" content=\"2080\" \/>\n\t<meta property=\"og:image:height\" content=\"706\" \/>\n\t<meta property=\"og:image:type\" content=\"image\/jpeg\" \/>\n<meta name=\"twitter:card\" content=\"summary_large_image\" \/>\n<script type=\"application\/ld+json\" class=\"yoast-schema-graph\">{\"@context\":\"https:\/\/schema.org\",\"@graph\":[{\"@type\":\"WebPage\",\"@id\":\"https:\/\/www.leceonline.org\/en\/contact\/\",\"url\":\"https:\/\/www.leceonline.org\/en\/contact\/\",\"name\":\"Contact I Spanish Committee of the LECE\",\"isPartOf\":{\"@id\":\"https:\/\/www.leceonline.org\/#website\"},\"primaryImageOfPage\":{\"@id\":\"https:\/\/www.leceonline.org\/en\/contact\/#primaryimage\"},\"image\":{\"@id\":\"https:\/\/www.leceonline.org\/en\/contact\/#primaryimage\"},\"thumbnailUrl\":\"https:\/\/www.leceonline.org\/custom\/uploads\/2017\/10\/i-stock-157619227@2x-min.jpg\",\"datePublished\":\"2017-10-31T08:25:37+00:00\",\"dateModified\":\"2017-11-07T10:11:42+00:00\",\"description\":\"There are two ways to get in touch with the Spanish Committee of the LECE easily, by using the form presented below, or call at 93 215 67 84.\",\"breadcrumb\":{\"@id\":\"https:\/\/www.leceonline.org\/en\/contact\/#breadcrumb\"},\"inLanguage\":\"en-US\",\"potentialAction\":[{\"@type\":\"ReadAction\",\"target\":[\"https:\/\/www.leceonline.org\/en\/contact\/\"]}]},{\"@type\":\"ImageObject\",\"inLanguage\":\"en-US\",\"@id\":\"https:\/\/www.leceonline.org\/en\/contact\/#primaryimage\",\"url\":\"https:\/\/www.leceonline.org\/custom\/uploads\/2017\/10\/i-stock-157619227@2x-min.jpg\",\"contentUrl\":\"https:\/\/www.leceonline.org\/custom\/uploads\/2017\/10\/i-stock-157619227@2x-min.jpg\",\"width\":2080,\"height\":706},{\"@type\":\"BreadcrumbList\",\"@id\":\"https:\/\/www.leceonline.org\/en\/contact\/#breadcrumb\",\"itemListElement\":[{\"@type\":\"ListItem\",\"position\":1,\"name\":\"Portada\",\"item\":\"https:\/\/www.leceonline.org\/en\/\"},{\"@type\":\"ListItem\",\"position\":2,\"name\":\"Contact\"}]},{\"@type\":\"WebSite\",\"@id\":\"https:\/\/www.leceonline.org\/#website\",\"url\":\"https:\/\/www.leceonline.org\/\",\"name\":\"Lece Online\",\"description\":\"Comit\u00e9 Espa\u00f1ol de la Liga Europea de Cooperaci\u00f3n Econ\u00f3mica (LECE)\",\"potentialAction\":[{\"@type\":\"SearchAction\",\"target\":{\"@type\":\"EntryPoint\",\"urlTemplate\":\"https:\/\/www.leceonline.org\/?s={search_term_string}\"},\"query-input\":{\"@type\":\"PropertyValueSpecification\",\"valueRequired\":true,\"valueName\":\"search_term_string\"}}],\"inLanguage\":\"en-US\"}]}<\/script>\n<!-- \/ Yoast SEO plugin. -->","yoast_head_json":{"title":"Contact I Spanish Committee of the LECE","description":"There are two ways to get in touch with the Spanish Committee of the LECE easily, by using the form presented below, or call at 93 215 67 84.","robots":{"index":"index","follow":"follow","max-snippet":"max-snippet:-1","max-image-preview":"max-image-preview:large","max-video-preview":"max-video-preview:-1"},"canonical":"https:\/\/www.leceonline.org\/en\/contact\/","og_locale":"en_US","og_type":"article","og_title":"Contact I Spanish Committee of the LECE","og_description":"There are two ways to get in touch with the Spanish Committee of the LECE easily, by using the form presented below, or call at 93 215 67 84.","og_url":"https:\/\/www.leceonline.org\/en\/contact\/","og_site_name":"Lece Online","article_modified_time":"2017-11-07T10:11:42+00:00","og_image":[{"width":2080,"height":706,"url":"http:\/\/www.leceonline.org\/custom\/uploads\/2017\/10\/i-stock-157619227@2x-min.jpg","type":"image\/jpeg"}],"twitter_card":"summary_large_image","schema":{"@context":"https:\/\/schema.org","@graph":[{"@type":"WebPage","@id":"https:\/\/www.leceonline.org\/en\/contact\/","url":"https:\/\/www.leceonline.org\/en\/contact\/","name":"Contact I Spanish Committee of the LECE","isPartOf":{"@id":"https:\/\/www.leceonline.org\/#website"},"primaryImageOfPage":{"@id":"https:\/\/www.leceonline.org\/en\/contact\/#primaryimage"},"image":{"@id":"https:\/\/www.leceonline.org\/en\/contact\/#primaryimage"},"thumbnailUrl":"https:\/\/www.leceonline.org\/custom\/uploads\/2017\/10\/i-stock-157619227@2x-min.jpg","datePublished":"2017-10-31T08:25:37+00:00","dateModified":"2017-11-07T10:11:42+00:00","description":"There are two ways to get in touch with the Spanish Committee of the LECE easily, by using the form presented below, or call at 93 215 67 84.","breadcrumb":{"@id":"https:\/\/www.leceonline.org\/en\/contact\/#breadcrumb"},"inLanguage":"en-US","potentialAction":[{"@type":"ReadAction","target":["https:\/\/www.leceonline.org\/en\/contact\/"]}]},{"@type":"ImageObject","inLanguage":"en-US","@id":"https:\/\/www.leceonline.org\/en\/contact\/#primaryimage","url":"https:\/\/www.leceonline.org\/custom\/uploads\/2017\/10\/i-stock-157619227@2x-min.jpg","contentUrl":"https:\/\/www.leceonline.org\/custom\/uploads\/2017\/10\/i-stock-157619227@2x-min.jpg","width":2080,"height":706},{"@type":"BreadcrumbList","@id":"https:\/\/www.leceonline.org\/en\/contact\/#breadcrumb","itemListElement":[{"@type":"ListItem","position":1,"name":"Portada","item":"https:\/\/www.leceonline.org\/en\/"},{"@type":"ListItem","position":2,"name":"Contact"}]},{"@type":"WebSite","@id":"https:\/\/www.leceonline.org\/#website","url":"https:\/\/www.leceonline.org\/","name":"Lece Online","description":"Comit\u00e9 Espa\u00f1ol de la Liga Europea de Cooperaci\u00f3n Econ\u00f3mica (LECE)","potentialAction":[{"@type":"SearchAction","target":{"@type":"EntryPoint","urlTemplate":"https:\/\/www.leceonline.org\/?s={search_term_string}"},"query-input":{"@type":"PropertyValueSpecification","valueRequired":true,"valueName":"search_term_string"}}],"inLanguage":"en-US"}]}},"_links":{"self":[{"href":"https:\/\/www.leceonline.org\/en\/wp-json\/wp\/v2\/pages\/1195","targetHints":{"allow":["GET"]}}],"collection":[{"href":"https:\/\/www.leceonline.org\/en\/wp-json\/wp\/v2\/pages"}],"about":[{"href":"https:\/\/www.leceonline.org\/en\/wp-json\/wp\/v2\/types\/page"}],"author":[{"embeddable":true,"href":"https:\/\/www.leceonline.org\/en\/wp-json\/wp\/v2\/users\/1"}],"replies":[{"embeddable":true,"href":"https:\/\/www.leceonline.org\/en\/wp-json\/wp\/v2\/comments?post=1195"}],"version-history":[{"count":0,"href":"https:\/\/www.leceonline.org\/en\/wp-json\/wp\/v2\/pages\/1195\/revisions"}],"wp:featuredmedia":[{"embeddable":true,"href":"https:\/\/www.leceonline.org\/en\/wp-json\/wp\/v2\/media\/213"}],"wp:attachment":[{"href":"https:\/\/www.leceonline.org\/en\/wp-json\/wp\/v2\/media?parent=1195"}],"curies":[{"name":"wp","href":"https:\/\/api.w.org\/{rel}","templated":true}]}}