{"id":1203,"date":"2017-11-02T12:22:57","date_gmt":"2017-11-02T12:22:57","guid":{"rendered":"http:\/\/www.leceonline.org\/politica-de-privadesa\/"},"modified":"2024-06-29T09:47:16","modified_gmt":"2024-06-29T09:47:16","slug":"privacy-policy","status":"publish","type":"page","link":"https:\/\/www.leceonline.org\/en\/privacy-policy\/","title":{"rendered":"Privacy Policy"},"content":{"rendered":"<h2>Legal notice &#8211; LECE<\/h2>\n<p>With this current website, the Spanish Committee of the LECE aims to encourage the public access to information regarding its initiatives. Our aim is to ensure the timeliness and accuracy of this information and we will try to correct the mistakes that are pointed out to us, however, the Committee does not assume any responsibility in relation to the information included in these pages.<\/p>\n<p>Such information:<\/p>\n<ul>\n<li>Is general and does not necessarily provide exhaustive, complete, accurate or up-to-date information<\/li>\n<li>It may have links to external pages that we have no control over and for which we decline all responsibility<\/li>\n<li>Does not offer professional or legal advice (if you wish to carry out such a consultation always consult a duly qualified professional).<\/li>\n<\/ul>\n<p>Please note that a document available online cannot guarantee to reproduce exactly an officially adopted text. Therefore, only the legal texts of the European Union published in the printed editions of the Official Journal of the European Union are considered to be authentic.<\/p>\n<p>We aim to minimize the problems caused by technical errors. However, some data or information contained in our pages may have been created or structured in files or formats not exempt from errors, so we cannot guarantee that our service is not interrupted or otherwise affected by such problems. We do not assume any responsibility with respect to such problems, which may result from the consultation of these pages, the links provided in them or those external web pages our web could redirect the user.<\/p>\n<p>The present clause is not intended to limit our responsibility contrary to the provisions of the applicable regulations, or exclude it in those cases in which, under such regulations, it cannot be excluded.<\/p>\n<p>This website and all its contents, including texts, images, audios and any other material, are property of the Spanish Committee of the LECE All rights are reserved. Only personal and non-commercial use is authorized. No copy, reproduction, transmission, distribution or modification of the site or its contents is authorized.<\/p>\n<p>Any information send by visitors to this website by email, will only be used by the Spanish Committee of the LECE so that it can answer to such emails when appropriate.<\/p>\n<p>Visitors may at any time access their data, modify or cancel them, BY sending an email to info@leceonline.org or by writing to the following postal address:<\/p>\n<p>LECE SPANISH COMMITTEE.<br \/>\nC\/ Mallorca 211, Pral. 1a<br \/>\n08008 Barcelona<\/p>\n<h2>Cookies policy<\/h2>\n<p>For the correct functioning of the Web, the navigation system and the used programming collect some navigation data (from now on called \u2018cookies\u2019) that are necessary in the use of the protocols of internet communication. Cookies are small text files that the browser stores when browsing websites and applications.<\/p>\n<p>You can choose the IP address that the computer uses to connect to the website, the URL of the web page requested, the time of the connection and other parameters relative to the operating system of the user&#8217;s computer environment. This information is not associated with any person because they do not store personal identifying information, the information is only collected to identify the session in order to facilitate the website analysis.<\/p>\n<p>Cookies are stored in the browser memory of the user, although the information they contain is not used. To control the use of cookies by websites, the user can define the privacy settings of his browser. If cookies are completely disabled, some web services may not work correctly.<\/p>\n<h2>Cookies management<\/h2>\n<p>Although the Spanish Committee of the LECE does not use cookies to capture personal identification data, we inform how the user can restrict or block cookies when browsing our website.<br \/>\nWe recommend the website www.aboutcookies.org to users who want more information and more details about the cookies management.<\/p>\n<p>In this address http:\/\/www.aboutcookies.org\/Default.aspx?page=1 you can see how to manage cookies according to the browser.<\/p>\n<h2>\u2018Cookies\u2019 of the Spanish Committee of the LECE<\/h2>\n<p>Technical Cookies &#8211; Technical cookies are strictly necessary for the use of this website, they allow the user to navigate through the website or application and use the different options or services existing in it.<\/p>\n<p>Personalization cookies \u2013 It are those allowing the user to access the service with some general characteristics predefined in his terminal or that the user himself defines. For example, the language, the type of browser through which the service is accessed.<\/p>\n<h2>\u2018Cookies\u2019 from third parties.<\/h2>\n<p>The website of the Spanish Committee of the LECE also uses \u2018cookies\u2019 and technologies of other companies dedicated, mainly, to the study of the use of the web. Google Analytics. Google Analytics is a free web analytics tool from Google, which helps web site owners understand how visitors interact with their website &#8211; It uses cookies named as \u2018__utma\u2019 and \u2018__utmz\u2019 to collect information in an anonymous way and to develop trend reports of websites without identifying their individual users.<\/p>\n<p>For more information about our cookie policy contact us at: <a href=\"mailto:info@leceonline.org\">info@leceonline.org<\/a><\/p>\n<h2>Website Credits<\/h2>\n<p>Development and maintenance of this website<\/p>\n<p>100 \u00d7 100.net<br \/>\nRonda Sant Pere, 40<br \/>\n08010 Barcelona (Spain)<br \/>\n<a href=\"http:\/\/www.100\u00d7100.net\" target=\"_blank\" rel=\"noopener\">www.100\u00d7100.net<\/a><\/p>\n","protected":false},"excerpt":{"rendered":"<p>Legal notice &#8211; LECE With this current website, the Spanish Committee of the LECE aims to encourage the public access to information regarding its initiatives. Our aim is to ensure the timeliness and accuracy of this information and we will try to correct the mistakes that are pointed out to us, however, the Committee does [&hellip;]<\/p>\n","protected":false},"author":1,"featured_media":1981,"parent":0,"menu_order":0,"comment_status":"closed","ping_status":"closed","template":"","meta":{"_acf_changed":false,"footnotes":""},"class_list":["post-1203","page","type-page","status-publish","has-post-thumbnail","hentry"],"acf":[],"yoast_head":"<!-- This site is optimized with the Yoast SEO plugin v25.9 - https:\/\/yoast.com\/wordpress\/plugins\/seo\/ -->\n<title>Privacy Policy I Spanish Committee of the LECE<\/title>\n<meta name=\"description\" content=\"With this current website, the Spanish Committee of the L.E.C.E. aims to encourage the public access to information regarding its initiatives.\" \/>\n<meta name=\"robots\" content=\"index, follow, max-snippet:-1, max-image-preview:large, max-video-preview:-1\" \/>\n<link rel=\"canonical\" href=\"https:\/\/www.leceonline.org\/en\/privacy-policy\/\" \/>\n<meta property=\"og:locale\" content=\"en_US\" \/>\n<meta property=\"og:type\" content=\"article\" \/>\n<meta property=\"og:title\" content=\"Privacy Policy I Spanish Committee of the LECE\" \/>\n<meta property=\"og:description\" content=\"With this current website, the Spanish Committee of the L.E.C.E. aims to encourage the public access to information regarding its initiatives.\" \/>\n<meta property=\"og:url\" content=\"https:\/\/www.leceonline.org\/en\/privacy-policy\/\" \/>\n<meta property=\"og:site_name\" content=\"Lece Online\" \/>\n<meta property=\"article:modified_time\" content=\"2024-06-29T09:47:16+00:00\" \/>\n<meta property=\"og:image\" content=\"http:\/\/www.leceonline.org\/custom\/uploads\/2017\/11\/security-protection-anti-virus-software-60504.jpg\" \/>\n\t<meta property=\"og:image:width\" content=\"1042\" \/>\n\t<meta property=\"og:image:height\" content=\"352\" \/>\n\t<meta property=\"og:image:type\" content=\"image\/jpeg\" \/>\n<meta name=\"twitter:card\" content=\"summary_large_image\" \/>\n<meta name=\"twitter:label1\" content=\"Est. reading time\" \/>\n\t<meta name=\"twitter:data1\" content=\"4 minutes\" \/>\n<script type=\"application\/ld+json\" class=\"yoast-schema-graph\">{\"@context\":\"https:\/\/schema.org\",\"@graph\":[{\"@type\":\"WebPage\",\"@id\":\"https:\/\/www.leceonline.org\/en\/privacy-policy\/\",\"url\":\"https:\/\/www.leceonline.org\/en\/privacy-policy\/\",\"name\":\"Privacy Policy I Spanish Committee of the LECE\",\"isPartOf\":{\"@id\":\"https:\/\/www.leceonline.org\/#website\"},\"primaryImageOfPage\":{\"@id\":\"https:\/\/www.leceonline.org\/en\/privacy-policy\/#primaryimage\"},\"image\":{\"@id\":\"https:\/\/www.leceonline.org\/en\/privacy-policy\/#primaryimage\"},\"thumbnailUrl\":\"https:\/\/www.leceonline.org\/custom\/uploads\/2017\/11\/security-protection-anti-virus-software-60504.jpg\",\"datePublished\":\"2017-11-02T12:22:57+00:00\",\"dateModified\":\"2024-06-29T09:47:16+00:00\",\"description\":\"With this current website, the Spanish Committee of the L.E.C.E. aims to encourage the public access to information regarding its initiatives.\",\"breadcrumb\":{\"@id\":\"https:\/\/www.leceonline.org\/en\/privacy-policy\/#breadcrumb\"},\"inLanguage\":\"en-US\",\"potentialAction\":[{\"@type\":\"ReadAction\",\"target\":[\"https:\/\/www.leceonline.org\/en\/privacy-policy\/\"]}]},{\"@type\":\"ImageObject\",\"inLanguage\":\"en-US\",\"@id\":\"https:\/\/www.leceonline.org\/en\/privacy-policy\/#primaryimage\",\"url\":\"https:\/\/www.leceonline.org\/custom\/uploads\/2017\/11\/security-protection-anti-virus-software-60504.jpg\",\"contentUrl\":\"https:\/\/www.leceonline.org\/custom\/uploads\/2017\/11\/security-protection-anti-virus-software-60504.jpg\",\"width\":1042,\"height\":352},{\"@type\":\"BreadcrumbList\",\"@id\":\"https:\/\/www.leceonline.org\/en\/privacy-policy\/#breadcrumb\",\"itemListElement\":[{\"@type\":\"ListItem\",\"position\":1,\"name\":\"Portada\",\"item\":\"https:\/\/www.leceonline.org\/en\/\"},{\"@type\":\"ListItem\",\"position\":2,\"name\":\"Privacy Policy\"}]},{\"@type\":\"WebSite\",\"@id\":\"https:\/\/www.leceonline.org\/#website\",\"url\":\"https:\/\/www.leceonline.org\/\",\"name\":\"Lece Online\",\"description\":\"Comit\u00e9 Espa\u00f1ol de la Liga Europea de Cooperaci\u00f3n Econ\u00f3mica (LECE)\",\"potentialAction\":[{\"@type\":\"SearchAction\",\"target\":{\"@type\":\"EntryPoint\",\"urlTemplate\":\"https:\/\/www.leceonline.org\/?s={search_term_string}\"},\"query-input\":{\"@type\":\"PropertyValueSpecification\",\"valueRequired\":true,\"valueName\":\"search_term_string\"}}],\"inLanguage\":\"en-US\"}]}<\/script>\n<!-- \/ Yoast SEO plugin. -->","yoast_head_json":{"title":"Privacy Policy I Spanish Committee of the LECE","description":"With this current website, the Spanish Committee of the L.E.C.E. aims to encourage the public access to information regarding its initiatives.","robots":{"index":"index","follow":"follow","max-snippet":"max-snippet:-1","max-image-preview":"max-image-preview:large","max-video-preview":"max-video-preview:-1"},"canonical":"https:\/\/www.leceonline.org\/en\/privacy-policy\/","og_locale":"en_US","og_type":"article","og_title":"Privacy Policy I Spanish Committee of the LECE","og_description":"With this current website, the Spanish Committee of the L.E.C.E. aims to encourage the public access to information regarding its initiatives.","og_url":"https:\/\/www.leceonline.org\/en\/privacy-policy\/","og_site_name":"Lece Online","article_modified_time":"2024-06-29T09:47:16+00:00","og_image":[{"width":1042,"height":352,"url":"http:\/\/www.leceonline.org\/custom\/uploads\/2017\/11\/security-protection-anti-virus-software-60504.jpg","type":"image\/jpeg"}],"twitter_card":"summary_large_image","twitter_misc":{"Est. reading time":"4 minutes"},"schema":{"@context":"https:\/\/schema.org","@graph":[{"@type":"WebPage","@id":"https:\/\/www.leceonline.org\/en\/privacy-policy\/","url":"https:\/\/www.leceonline.org\/en\/privacy-policy\/","name":"Privacy Policy I Spanish Committee of the LECE","isPartOf":{"@id":"https:\/\/www.leceonline.org\/#website"},"primaryImageOfPage":{"@id":"https:\/\/www.leceonline.org\/en\/privacy-policy\/#primaryimage"},"image":{"@id":"https:\/\/www.leceonline.org\/en\/privacy-policy\/#primaryimage"},"thumbnailUrl":"https:\/\/www.leceonline.org\/custom\/uploads\/2017\/11\/security-protection-anti-virus-software-60504.jpg","datePublished":"2017-11-02T12:22:57+00:00","dateModified":"2024-06-29T09:47:16+00:00","description":"With this current website, the Spanish Committee of the L.E.C.E. aims to encourage the public access to information regarding its initiatives.","breadcrumb":{"@id":"https:\/\/www.leceonline.org\/en\/privacy-policy\/#breadcrumb"},"inLanguage":"en-US","potentialAction":[{"@type":"ReadAction","target":["https:\/\/www.leceonline.org\/en\/privacy-policy\/"]}]},{"@type":"ImageObject","inLanguage":"en-US","@id":"https:\/\/www.leceonline.org\/en\/privacy-policy\/#primaryimage","url":"https:\/\/www.leceonline.org\/custom\/uploads\/2017\/11\/security-protection-anti-virus-software-60504.jpg","contentUrl":"https:\/\/www.leceonline.org\/custom\/uploads\/2017\/11\/security-protection-anti-virus-software-60504.jpg","width":1042,"height":352},{"@type":"BreadcrumbList","@id":"https:\/\/www.leceonline.org\/en\/privacy-policy\/#breadcrumb","itemListElement":[{"@type":"ListItem","position":1,"name":"Portada","item":"https:\/\/www.leceonline.org\/en\/"},{"@type":"ListItem","position":2,"name":"Privacy Policy"}]},{"@type":"WebSite","@id":"https:\/\/www.leceonline.org\/#website","url":"https:\/\/www.leceonline.org\/","name":"Lece Online","description":"Comit\u00e9 Espa\u00f1ol de la Liga Europea de Cooperaci\u00f3n Econ\u00f3mica (LECE)","potentialAction":[{"@type":"SearchAction","target":{"@type":"EntryPoint","urlTemplate":"https:\/\/www.leceonline.org\/?s={search_term_string}"},"query-input":{"@type":"PropertyValueSpecification","valueRequired":true,"valueName":"search_term_string"}}],"inLanguage":"en-US"}]}},"_links":{"self":[{"href":"https:\/\/www.leceonline.org\/en\/wp-json\/wp\/v2\/pages\/1203","targetHints":{"allow":["GET"]}}],"collection":[{"href":"https:\/\/www.leceonline.org\/en\/wp-json\/wp\/v2\/pages"}],"about":[{"href":"https:\/\/www.leceonline.org\/en\/wp-json\/wp\/v2\/types\/page"}],"author":[{"embeddable":true,"href":"https:\/\/www.leceonline.org\/en\/wp-json\/wp\/v2\/users\/1"}],"replies":[{"embeddable":true,"href":"https:\/\/www.leceonline.org\/en\/wp-json\/wp\/v2\/comments?post=1203"}],"version-history":[{"count":0,"href":"https:\/\/www.leceonline.org\/en\/wp-json\/wp\/v2\/pages\/1203\/revisions"}],"wp:featuredmedia":[{"embeddable":true,"href":"https:\/\/www.leceonline.org\/en\/wp-json\/wp\/v2\/media\/1981"}],"wp:attachment":[{"href":"https:\/\/www.leceonline.org\/en\/wp-json\/wp\/v2\/media?parent=1203"}],"curies":[{"name":"wp","href":"https:\/\/api.w.org\/{rel}","templated":true}]}}