{"id":28,"date":"2017-10-31T08:29:04","date_gmt":"2017-10-31T08:29:04","guid":{"rendered":"http:\/\/www.leceonline.org\/?page_id=28"},"modified":"2026-03-23T13:51:31","modified_gmt":"2026-03-23T13:51:31","slug":"home","status":"publish","type":"page","link":"https:\/\/www.leceonline.org\/en\/","title":{"rendered":"Home"},"content":{"rendered":"","protected":false},"excerpt":{"rendered":"","protected":false},"author":1,"featured_media":5882,"parent":0,"menu_order":0,"comment_status":"closed","ping_status":"closed","template":"home.php","meta":{"_acf_changed":false,"footnotes":""},"class_list":["post-28","page","type-page","status-publish","has-post-thumbnail","hentry"],"acf":[],"yoast_head":"<!-- This site is optimized with the Yoast SEO plugin v25.9 - https:\/\/yoast.com\/wordpress\/plugins\/seo\/ -->\n<title>Spanish Committee of the European League for Economic Cooperation (ELEC)<\/title>\n<meta name=\"description\" content=\"The Spanish Committee of the LECE disseminates European values \u200b\u200band knowledge of current moment, situations and challenges the European Union.\" \/>\n<meta name=\"robots\" content=\"index, follow, max-snippet:-1, max-image-preview:large, max-video-preview:-1\" \/>\n<link rel=\"canonical\" href=\"https:\/\/www.leceonline.org\/en\/\" \/>\n<meta property=\"og:locale\" content=\"en_US\" \/>\n<meta property=\"og:type\" content=\"article\" \/>\n<meta property=\"og:title\" content=\"Spanish Committee of the European League for Economic Cooperation (ELEC)\" \/>\n<meta property=\"og:description\" content=\"The Spanish Committee of the LECE disseminates European values \u200b\u200band knowledge of current moment, situations and challenges the European Union.\" \/>\n<meta property=\"og:url\" content=\"https:\/\/www.leceonline.org\/en\/\" \/>\n<meta property=\"og:site_name\" content=\"Lece Online\" \/>\n<meta property=\"article:modified_time\" content=\"2026-03-23T13:51:31+00:00\" \/>\n<meta property=\"og:image\" content=\"http:\/\/www.leceonline.org\/custom\/uploads\/2017\/10\/1200x630.jpg\" \/>\n<meta name=\"twitter:card\" content=\"summary_large_image\" \/>\n<meta name=\"twitter:label1\" content=\"Est. reading time\" \/>\n\t<meta name=\"twitter:data1\" content=\"1 minute\" \/>\n<script type=\"application\/ld+json\" class=\"yoast-schema-graph\">{\"@context\":\"https:\/\/schema.org\",\"@graph\":[{\"@type\":\"WebPage\",\"@id\":\"https:\/\/www.leceonline.org\/en\/\",\"url\":\"https:\/\/www.leceonline.org\/en\/\",\"name\":\"Spanish Committee of the European League for Economic Cooperation (ELEC)\",\"isPartOf\":{\"@id\":\"https:\/\/www.leceonline.org\/#website\"},\"primaryImageOfPage\":{\"@id\":\"https:\/\/www.leceonline.org\/en\/#primaryimage\"},\"image\":{\"@id\":\"https:\/\/www.leceonline.org\/en\/#primaryimage\"},\"thumbnailUrl\":\"https:\/\/www.leceonline.org\/custom\/uploads\/2025\/03\/DALL\u00b7E-2025-03-12-09.07.00-A-refined-and-minimalist-representation-of-the-European-Union-and-opportunity.-The-image-features-the-EU-flag-subtly-incorporated-in-the-background-wi.webp\",\"datePublished\":\"2017-10-31T08:29:04+00:00\",\"dateModified\":\"2026-03-23T13:51:31+00:00\",\"description\":\"The Spanish Committee of the LECE disseminates European values \u200b\u200band knowledge of current moment, situations and challenges the European Union.\",\"breadcrumb\":{\"@id\":\"https:\/\/www.leceonline.org\/en\/#breadcrumb\"},\"inLanguage\":\"en-US\",\"potentialAction\":[{\"@type\":\"ReadAction\",\"target\":[\"https:\/\/www.leceonline.org\/en\/\"]}]},{\"@type\":\"ImageObject\",\"inLanguage\":\"en-US\",\"@id\":\"https:\/\/www.leceonline.org\/en\/#primaryimage\",\"url\":\"https:\/\/www.leceonline.org\/custom\/uploads\/2025\/03\/DALL\u00b7E-2025-03-12-09.07.00-A-refined-and-minimalist-representation-of-the-European-Union-and-opportunity.-The-image-features-the-EU-flag-subtly-incorporated-in-the-background-wi.webp\",\"contentUrl\":\"https:\/\/www.leceonline.org\/custom\/uploads\/2025\/03\/DALL\u00b7E-2025-03-12-09.07.00-A-refined-and-minimalist-representation-of-the-European-Union-and-opportunity.-The-image-features-the-EU-flag-subtly-incorporated-in-the-background-wi.webp\",\"width\":1024,\"height\":1024},{\"@type\":\"BreadcrumbList\",\"@id\":\"https:\/\/www.leceonline.org\/en\/#breadcrumb\",\"itemListElement\":[{\"@type\":\"ListItem\",\"position\":1,\"name\":\"Portada\",\"item\":\"https:\/\/www.leceonline.org\/en\/\"},{\"@type\":\"ListItem\",\"position\":2,\"name\":\"Home\"}]},{\"@type\":\"WebSite\",\"@id\":\"https:\/\/www.leceonline.org\/#website\",\"url\":\"https:\/\/www.leceonline.org\/\",\"name\":\"Lece Online\",\"description\":\"Comit\u00e9 Espa\u00f1ol de la Liga Europea de Cooperaci\u00f3n Econ\u00f3mica (LECE)\",\"potentialAction\":[{\"@type\":\"SearchAction\",\"target\":{\"@type\":\"EntryPoint\",\"urlTemplate\":\"https:\/\/www.leceonline.org\/?s={search_term_string}\"},\"query-input\":{\"@type\":\"PropertyValueSpecification\",\"valueRequired\":true,\"valueName\":\"search_term_string\"}}],\"inLanguage\":\"en-US\"}]}<\/script>\n<!-- \/ Yoast SEO plugin. -->","yoast_head_json":{"title":"Spanish Committee of the European League for Economic Cooperation (ELEC)","description":"The Spanish Committee of the LECE disseminates European values \u200b\u200band knowledge of current moment, situations and challenges the European Union.","robots":{"index":"index","follow":"follow","max-snippet":"max-snippet:-1","max-image-preview":"max-image-preview:large","max-video-preview":"max-video-preview:-1"},"canonical":"https:\/\/www.leceonline.org\/en\/","og_locale":"en_US","og_type":"article","og_title":"Spanish Committee of the European League for Economic Cooperation (ELEC)","og_description":"The Spanish Committee of the LECE disseminates European values \u200b\u200band knowledge of current moment, situations and challenges the European Union.","og_url":"https:\/\/www.leceonline.org\/en\/","og_site_name":"Lece Online","article_modified_time":"2026-03-23T13:51:31+00:00","og_image":[{"url":"http:\/\/www.leceonline.org\/custom\/uploads\/2017\/10\/1200x630.jpg","type":"","width":"","height":""}],"twitter_card":"summary_large_image","twitter_misc":{"Est. reading time":"1 minute"},"schema":{"@context":"https:\/\/schema.org","@graph":[{"@type":"WebPage","@id":"https:\/\/www.leceonline.org\/en\/","url":"https:\/\/www.leceonline.org\/en\/","name":"Spanish Committee of the European League for Economic Cooperation (ELEC)","isPartOf":{"@id":"https:\/\/www.leceonline.org\/#website"},"primaryImageOfPage":{"@id":"https:\/\/www.leceonline.org\/en\/#primaryimage"},"image":{"@id":"https:\/\/www.leceonline.org\/en\/#primaryimage"},"thumbnailUrl":"https:\/\/www.leceonline.org\/custom\/uploads\/2025\/03\/DALL\u00b7E-2025-03-12-09.07.00-A-refined-and-minimalist-representation-of-the-European-Union-and-opportunity.-The-image-features-the-EU-flag-subtly-incorporated-in-the-background-wi.webp","datePublished":"2017-10-31T08:29:04+00:00","dateModified":"2026-03-23T13:51:31+00:00","description":"The Spanish Committee of the LECE disseminates European values \u200b\u200band knowledge of current moment, situations and challenges the European Union.","breadcrumb":{"@id":"https:\/\/www.leceonline.org\/en\/#breadcrumb"},"inLanguage":"en-US","potentialAction":[{"@type":"ReadAction","target":["https:\/\/www.leceonline.org\/en\/"]}]},{"@type":"ImageObject","inLanguage":"en-US","@id":"https:\/\/www.leceonline.org\/en\/#primaryimage","url":"https:\/\/www.leceonline.org\/custom\/uploads\/2025\/03\/DALL\u00b7E-2025-03-12-09.07.00-A-refined-and-minimalist-representation-of-the-European-Union-and-opportunity.-The-image-features-the-EU-flag-subtly-incorporated-in-the-background-wi.webp","contentUrl":"https:\/\/www.leceonline.org\/custom\/uploads\/2025\/03\/DALL\u00b7E-2025-03-12-09.07.00-A-refined-and-minimalist-representation-of-the-European-Union-and-opportunity.-The-image-features-the-EU-flag-subtly-incorporated-in-the-background-wi.webp","width":1024,"height":1024},{"@type":"BreadcrumbList","@id":"https:\/\/www.leceonline.org\/en\/#breadcrumb","itemListElement":[{"@type":"ListItem","position":1,"name":"Portada","item":"https:\/\/www.leceonline.org\/en\/"},{"@type":"ListItem","position":2,"name":"Home"}]},{"@type":"WebSite","@id":"https:\/\/www.leceonline.org\/#website","url":"https:\/\/www.leceonline.org\/","name":"Lece Online","description":"Comit\u00e9 Espa\u00f1ol de la Liga Europea de Cooperaci\u00f3n Econ\u00f3mica (LECE)","potentialAction":[{"@type":"SearchAction","target":{"@type":"EntryPoint","urlTemplate":"https:\/\/www.leceonline.org\/?s={search_term_string}"},"query-input":{"@type":"PropertyValueSpecification","valueRequired":true,"valueName":"search_term_string"}}],"inLanguage":"en-US"}]}},"_links":{"self":[{"href":"https:\/\/www.leceonline.org\/en\/wp-json\/wp\/v2\/pages\/28","targetHints":{"allow":["GET"]}}],"collection":[{"href":"https:\/\/www.leceonline.org\/en\/wp-json\/wp\/v2\/pages"}],"about":[{"href":"https:\/\/www.leceonline.org\/en\/wp-json\/wp\/v2\/types\/page"}],"author":[{"embeddable":true,"href":"https:\/\/www.leceonline.org\/en\/wp-json\/wp\/v2\/users\/1"}],"replies":[{"embeddable":true,"href":"https:\/\/www.leceonline.org\/en\/wp-json\/wp\/v2\/comments?post=28"}],"version-history":[{"count":0,"href":"https:\/\/www.leceonline.org\/en\/wp-json\/wp\/v2\/pages\/28\/revisions"}],"wp:featuredmedia":[{"embeddable":true,"href":"https:\/\/www.leceonline.org\/en\/wp-json\/wp\/v2\/media\/5882"}],"wp:attachment":[{"href":"https:\/\/www.leceonline.org\/en\/wp-json\/wp\/v2\/media?parent=28"}],"curies":[{"name":"wp","href":"https:\/\/api.w.org\/{rel}","templated":true}]}}